{"id":2,"date":"2021-11-02T15:10:15","date_gmt":"2021-11-02T15:10:15","guid":{"rendered":"https:\/\/sahkotekniikka2021.fi\/?page_id=2"},"modified":"2026-01-05T07:31:35","modified_gmt":"2026-01-05T07:31:35","slug":"sample-page","status":"publish","type":"page","link":"https:\/\/sahkotekniikka2021.fi\/?page_id=2","title":{"rendered":"Hinnasto"},"content":{"rendered":"\n<div class=\"wp-block-columns is-layout-flex wp-container-core-columns-is-layout-9d6595d7 wp-block-columns-is-layout-flex\">\n<div class=\"wp-block-column is-layout-flow wp-block-column-is-layout-flow\">\n<p>S\u00e4hk\u00f6tekniikka 2021 &#8211; oppikirja<\/p>\n<\/div>\n\n\n\n<div class=\"wp-block-column is-layout-flow wp-block-column-is-layout-flow\">\n<p>39 \u20ac \/ kpl (sis. alv. 13,5 %)<\/p>\n<\/div>\n<\/div>\n\n\n\n<div class=\"wp-block-columns is-layout-flex wp-container-core-columns-is-layout-9d6595d7 wp-block-columns-is-layout-flex\">\n<div class=\"wp-block-column is-layout-flow wp-block-column-is-layout-flow\">\n<p>S\u00e4hk\u00f6teknikka 2021 &#8211; teht\u00e4vien ratkaisut<\/p>\n<\/div>\n\n\n\n<div class=\"wp-block-column is-layout-flow wp-block-column-is-layout-flow\">\n<p>59 \u20ac \/ kpl (sis. alv. 13,5 %)<\/p>\n<\/div>\n<\/div>\n\n\n\n<div class=\"wp-block-columns is-layout-flex wp-container-core-columns-is-layout-9d6595d7 wp-block-columns-is-layout-flex\">\n<div class=\"wp-block-column is-layout-flow wp-block-column-is-layout-flow\">\n<p>S\u00e4hk\u00f6tekniikka 2021 &#8211; s\u00e4hk\u00f6asennusharjoitukset ja kolmivaihetekniikka<\/p>\n<\/div>\n\n\n\n<div class=\"wp-block-column is-layout-flow wp-block-column-is-layout-flow\">\n<p>49 \u20ac \/ kpl (sis. alv. 13,5 %)<\/p>\n<\/div>\n<\/div>\n\n\n\n<div class=\"wp-block-columns is-layout-flex wp-container-core-columns-is-layout-9d6595d7 wp-block-columns-is-layout-flex\">\n<div class=\"wp-block-column is-layout-flow wp-block-column-is-layout-flow\">\n<p>S\u00e4hk\u00f6tekniikka 2021 &#8211; s\u00e4hk\u00f6asennusharjoitukset ja kolmivaihetekniikka ratkaisukirja<\/p>\n<\/div>\n\n\n\n<div class=\"wp-block-column is-layout-flow wp-block-column-is-layout-flow\">\n<p>59 \u20ac \/ kpl (sis. alv. 13,5 %)<\/p>\n<\/div>\n<\/div>\n\n\n\n<div class=\"wp-block-columns is-layout-flex wp-container-core-columns-is-layout-9d6595d7 wp-block-columns-is-layout-flex\">\n<div class=\"wp-block-column is-layout-flow wp-block-column-is-layout-flow\">\n<p>S\u00e4hk\u00f6tekniikkapeli 2021 &#8211; lautapeli<strong> <\/strong><\/p>\n<\/div>\n\n\n\n<div class=\"wp-block-column is-layout-flow wp-block-column-is-layout-flow\">\n<p>25 \u20ac \/ kpl (sis. alv. 25,5 %)<\/p>\n<\/div>\n<\/div>\n\n\n\n<p>K\u00e4nnykk\u00e4sovelluksen k\u00e4ytt\u00f6, tietovisojen pelaaminen ja videoiden katselu ovat ilmaisia.<\/p>\n\n\n\n<p><strong>Oppilaitostilaukset sis\u00e4lt\u00e4v\u00e4t toimituksen oppilaitoksellesi. Opettajan digiaineisto on ilmainen jos oppilaitos tilaa kirjat koko luokalle. Se sis\u00e4lt\u00e4\u00e4 kirjat sek\u00e4 ratkaisut, jotka voi tykitt\u00e4\u00e4 valkokankaalle luokassa. Tarvittaessa saatavilla kokeita ja lis\u00e4teht\u00e4vi\u00e4.<\/strong><\/p>\n\n\n\n<p>Tilaa kirja tai kirjapaketti l\u00e4hett\u00e4m\u00e4ll\u00e4 s\u00e4hk\u00f6posti kirjat@sahkotekniikka2021.fi Tilaukseen tarvitaan <strong>osoitteesi <\/strong>ja <strong>puhelinnumero<\/strong>. Saat vastauksena maksuohjeet ja seurantakoodin paketistasi. <strong>Yksitt\u00e4iskappaleet ja kirjapaketit toimitetaan postiin noudettavaksi paketiksi tai kotiisi ja toimitus kuuluu hintaan.<\/strong> <\/p>\n\n\n\n<p>Saatavilla my\u00f6s Storiasta (ent. Kirjav\u00e4litys), kirjastopalvelusta (Booky.fi), nettikaupoista sek\u00e4 isoimmista kirjakaupoista ja tavarataloista.<\/p>\n\n\n\n<hr class=\"wp-block-separator has-css-opacity\"\/>\n\n\n\n<h2 class=\"wp-block-heading\" id=\"kirjapaketit\">Kirjapaketit toimitettuna kotiisi<\/h2>\n\n\n\n<div class=\"wp-block-group\"><div class=\"wp-block-group__inner-container is-layout-flow wp-block-group-is-layout-flow\">\n<div class=\"wp-block-group\"><div class=\"wp-block-group__inner-container is-layout-flow wp-block-group-is-layout-flow\">\n<p>S\u00e4hk\u00f6tekniikka 2021 sek\u00e4 S\u00e4hk\u00f6tekniikka 2021 s\u00e4hk\u00f6asennusharjoitukset ja kolmivaihetekniikka 83 \u20ac (ovh 96 \u20ac)<\/p>\n\n\n\n<figure class=\"wp-block-image size-full\"><img loading=\"lazy\" decoding=\"async\" width=\"1093\" height=\"776\" src=\"https:\/\/sahkotekniikka2021.fi\/wp-content\/uploads\/2024\/11\/2.jpg\" alt=\"\" class=\"wp-image-939\" srcset=\"https:\/\/sahkotekniikka2021.fi\/wp-content\/uploads\/2024\/11\/2.jpg 1093w, https:\/\/sahkotekniikka2021.fi\/wp-content\/uploads\/2024\/11\/2-300x213.jpg 300w, https:\/\/sahkotekniikka2021.fi\/wp-content\/uploads\/2024\/11\/2-1024x727.jpg 1024w, https:\/\/sahkotekniikka2021.fi\/wp-content\/uploads\/2024\/11\/2-768x545.jpg 768w\" sizes=\"auto, (max-width: 1093px) 100vw, 1093px\" \/><\/figure>\n<\/div><\/div>\n<\/div><\/div>\n\n\n\n<div class=\"wp-block-group\"><div class=\"wp-block-group__inner-container is-layout-flow wp-block-group-is-layout-flow\">\n<div class=\"wp-block-group\"><div class=\"wp-block-group__inner-container is-layout-flow wp-block-group-is-layout-flow\">\n<p><\/p>\n<\/div><\/div>\n<\/div><\/div>\n\n\n\n<div style=\"height:100px\" aria-hidden=\"true\" class=\"wp-block-spacer\"><\/div>\n\n\n\n<div class=\"wp-block-group\"><div class=\"wp-block-group__inner-container is-layout-flow wp-block-group-is-layout-flow\">\n<div class=\"wp-block-group\"><div class=\"wp-block-group__inner-container is-layout-flow wp-block-group-is-layout-flow\">\n<p>S\u00e4hk\u00f6tekniikka 2021 sek\u00e4 S\u00e4hk\u00f6tekniikka 2021 teht\u00e4vien ratkaisut kirjapaketti 89 \u20ac (ovh 106 \u20ac).<\/p>\n\n\n\n<figure class=\"wp-block-image size-full\"><img loading=\"lazy\" decoding=\"async\" width=\"985\" height=\"680\" src=\"https:\/\/sahkotekniikka2021.fi\/wp-content\/uploads\/2024\/11\/89.jpg\" alt=\"\" class=\"wp-image-944\" srcset=\"https:\/\/sahkotekniikka2021.fi\/wp-content\/uploads\/2024\/11\/89.jpg 985w, https:\/\/sahkotekniikka2021.fi\/wp-content\/uploads\/2024\/11\/89-300x207.jpg 300w, https:\/\/sahkotekniikka2021.fi\/wp-content\/uploads\/2024\/11\/89-768x530.jpg 768w\" sizes=\"auto, (max-width: 985px) 100vw, 985px\" \/><\/figure>\n<\/div><\/div>\n<\/div><\/div>\n\n\n\n<p><\/p>\n\n\n\n<div style=\"height:100px\" aria-hidden=\"true\" class=\"wp-block-spacer\"><\/div>\n\n\n\n<p>S\u00e4hk\u00f6tekniikka 2021 s\u00e4hk\u00f6asennusharjoitukset ja kolmivaihetekniikka ja ratkaisukirja 99 \u20ac (ovh 108 \u20ac)<\/p>\n\n\n\n<figure class=\"wp-block-image size-large\"><img loading=\"lazy\" decoding=\"async\" width=\"1024\" height=\"699\" src=\"https:\/\/sahkotekniikka2021.fi\/wp-content\/uploads\/2024\/11\/3-1024x699.jpg\" alt=\"\" class=\"wp-image-940\" srcset=\"https:\/\/sahkotekniikka2021.fi\/wp-content\/uploads\/2024\/11\/3-1024x699.jpg 1024w, https:\/\/sahkotekniikka2021.fi\/wp-content\/uploads\/2024\/11\/3-300x205.jpg 300w, https:\/\/sahkotekniikka2021.fi\/wp-content\/uploads\/2024\/11\/3-768x524.jpg 768w, https:\/\/sahkotekniikka2021.fi\/wp-content\/uploads\/2024\/11\/3.jpg 1068w\" sizes=\"auto, (max-width: 1024px) 100vw, 1024px\" \/><\/figure>\n\n\n\n<div style=\"height:100px\" aria-hidden=\"true\" class=\"wp-block-spacer\"><\/div>\n\n\n\n<p>S\u00e4hk\u00f6tekniikka 2021, S\u00e4hk\u00f6tekniikka 2021 teht\u00e4vien ratkaisut, S\u00e4hk\u00f6tekniikka 2021 s\u00e4hk\u00f6asennusharjoitukset ja kolmivaihetekniikka ja S\u00e4hk\u00f6tekniikka 2021 s\u00e4hk\u00f6asennusharjoitukset ja kolmivaihetekniikka ratkaisukirja kirjapaketti 159 \u20ac (ovh 214 \u20ac). Isoilla kustantamoilla ei ole ratkaisukirjoja edes myynniss\u00e4.<\/p>\n\n\n\n<figure class=\"wp-block-image size-large\"><img loading=\"lazy\" decoding=\"async\" width=\"1024\" height=\"585\" src=\"https:\/\/sahkotekniikka2021.fi\/wp-content\/uploads\/2024\/11\/4-1024x585.jpg\" alt=\"\" class=\"wp-image-943\" srcset=\"https:\/\/sahkotekniikka2021.fi\/wp-content\/uploads\/2024\/11\/4-1024x585.jpg 1024w, https:\/\/sahkotekniikka2021.fi\/wp-content\/uploads\/2024\/11\/4-300x171.jpg 300w, https:\/\/sahkotekniikka2021.fi\/wp-content\/uploads\/2024\/11\/4-768x439.jpg 768w, https:\/\/sahkotekniikka2021.fi\/wp-content\/uploads\/2024\/11\/4.jpg 1373w\" sizes=\"auto, (max-width: 1024px) 100vw, 1024px\" \/><\/figure>\n\n\n\n<p><strong>Yksitt\u00e4iskappaleet ja kirjapaketit toimitetaan postiin noudettavaksi paketiksi tai kotiisi ja toimitus kuuluu hintaan.<\/strong> <\/p>\n\n\n\n<p>Tilaa kirja, kirjapaketti tai lautapeli l\u00e4hett\u00e4m\u00e4ll\u00e4 s\u00e4hk\u00f6posti  kirjat@sahkotekniikka2021.fi ja saat vastauksena maksuohjeet ja varmistuksen l\u00e4hetyksest\u00e4.<\/p>\n\n\n\n<p>Tilaukseen tarvitaan <strong>osoitteesi <\/strong>ja <strong>puhelinnumero <\/strong>(postin seurantaan ja l\u00e4hetys ilmestyy my\u00f6s posti-sovellukseen).<\/p>\n\n\n\n<figure class=\"wp-block-image size-large is-resized\"><img loading=\"lazy\" decoding=\"async\" width=\"717\" height=\"1024\" src=\"https:\/\/sahkotekniikka2021.fi\/wp-content\/uploads\/2024\/02\/Avainlippu_Sininen_rgb-717x1024.png\" alt=\"\" class=\"wp-image-653\" style=\"width:284px;height:auto\" srcset=\"https:\/\/sahkotekniikka2021.fi\/wp-content\/uploads\/2024\/02\/Avainlippu_Sininen_rgb-717x1024.png 717w, https:\/\/sahkotekniikka2021.fi\/wp-content\/uploads\/2024\/02\/Avainlippu_Sininen_rgb-210x300.png 210w, https:\/\/sahkotekniikka2021.fi\/wp-content\/uploads\/2024\/02\/Avainlippu_Sininen_rgb-768x1097.png 768w, https:\/\/sahkotekniikka2021.fi\/wp-content\/uploads\/2024\/02\/Avainlippu_Sininen_rgb-1075x1536.png 1075w, https:\/\/sahkotekniikka2021.fi\/wp-content\/uploads\/2024\/02\/Avainlippu_Sininen_rgb.png 1240w\" sizes=\"auto, (max-width: 717px) 100vw, 717px\" \/><\/figure>\n","protected":false},"excerpt":{"rendered":"<p>S\u00e4hk\u00f6tekniikka 2021 &#8211; oppikirja 39 \u20ac \/ kpl (sis. alv. 13,5 %) S\u00e4hk\u00f6teknikka 2021 &#8211; teht\u00e4vien ratkaisut 59 \u20ac \/ kpl (sis. alv. 13,5 %) S\u00e4hk\u00f6tekniikka 2021 &#8211; s\u00e4hk\u00f6asennusharjoitukset ja kolmivaihetekniikka 49 \u20ac \/ kpl (sis. alv. 13,5 %) S\u00e4hk\u00f6tekniikka 2021 &#8211; s\u00e4hk\u00f6asennusharjoitukset ja kolmivaihetekniikka ratkaisukirja 59 \u20ac \/ kpl (sis. alv. 13,5 %) S\u00e4hk\u00f6tekniikkapeli&hellip; <a class=\"more-link\" href=\"https:\/\/sahkotekniikka2021.fi\/?page_id=2\">Jatka lukemista <span class=\"screen-reader-text\">Hinnasto<\/span><\/a><\/p>\n","protected":false},"author":1,"featured_media":0,"parent":0,"menu_order":0,"comment_status":"closed","ping_status":"open","template":"","meta":{"footnotes":""},"class_list":["post-2","page","type-page","status-publish","hentry","entry"],"_links":{"self":[{"href":"https:\/\/sahkotekniikka2021.fi\/index.php?rest_route=\/wp\/v2\/pages\/2","targetHints":{"allow":["GET"]}}],"collection":[{"href":"https:\/\/sahkotekniikka2021.fi\/index.php?rest_route=\/wp\/v2\/pages"}],"about":[{"href":"https:\/\/sahkotekniikka2021.fi\/index.php?rest_route=\/wp\/v2\/types\/page"}],"author":[{"embeddable":true,"href":"https:\/\/sahkotekniikka2021.fi\/index.php?rest_route=\/wp\/v2\/users\/1"}],"replies":[{"embeddable":true,"href":"https:\/\/sahkotekniikka2021.fi\/index.php?rest_route=%2Fwp%2Fv2%2Fcomments&post=2"}],"version-history":[{"count":80,"href":"https:\/\/sahkotekniikka2021.fi\/index.php?rest_route=\/wp\/v2\/pages\/2\/revisions"}],"predecessor-version":[{"id":1104,"href":"https:\/\/sahkotekniikka2021.fi\/index.php?rest_route=\/wp\/v2\/pages\/2\/revisions\/1104"}],"wp:attachment":[{"href":"https:\/\/sahkotekniikka2021.fi\/index.php?rest_route=%2Fwp%2Fv2%2Fmedia&parent=2"}],"curies":[{"name":"wp","href":"https:\/\/api.w.org\/{rel}","templated":true}]}}