{"id":239,"date":"2021-11-26T08:26:14","date_gmt":"2021-11-26T08:26:14","guid":{"rendered":"https:\/\/sahkotekniikka2021.fi\/?page_id=239"},"modified":"2025-03-15T12:26:50","modified_gmt":"2025-03-15T12:26:50","slug":"tietoa-oppilaitoksille","status":"publish","type":"page","link":"https:\/\/sahkotekniikka2021.fi\/?page_id=239","title":{"rendered":"Tietoa oppilaitoksille"},"content":{"rendered":"\n<figure class=\"wp-block-image size-large is-resized\"><img loading=\"lazy\" decoding=\"async\" width=\"717\" height=\"1024\" src=\"https:\/\/sahkotekniikka2021.fi\/wp-content\/uploads\/2024\/02\/Avainlippu_Sininen_rgb-717x1024.png\" alt=\"\" class=\"wp-image-653\" style=\"width:85px;height:auto\" srcset=\"https:\/\/sahkotekniikka2021.fi\/wp-content\/uploads\/2024\/02\/Avainlippu_Sininen_rgb-717x1024.png 717w, https:\/\/sahkotekniikka2021.fi\/wp-content\/uploads\/2024\/02\/Avainlippu_Sininen_rgb-210x300.png 210w, https:\/\/sahkotekniikka2021.fi\/wp-content\/uploads\/2024\/02\/Avainlippu_Sininen_rgb-768x1097.png 768w, https:\/\/sahkotekniikka2021.fi\/wp-content\/uploads\/2024\/02\/Avainlippu_Sininen_rgb-1075x1536.png 1075w, https:\/\/sahkotekniikka2021.fi\/wp-content\/uploads\/2024\/02\/Avainlippu_Sininen_rgb.png 1240w\" sizes=\"auto, (max-width: 717px) 100vw, 717px\" \/><\/figure>\n\n\n\n<p><strong>Kirjasarjaa k\u00e4ytt\u00e4\u00e4 suurin osa Suomen ammatillisista oppilaitoksista. My\u00f6s osa ammattikorkeakouluista on ottanut sen k\u00e4ytt\u00f6\u00f6n.<\/strong> Tilattaessa suoraan tekij\u00e4lt\u00e4, kirjat toimitetaan aina oppilaitokselle perille saakka aina ilman toimituskustannuksia. Kirjoja saa tilattua suoraan tekij\u00e4lt\u00e4 (Turun S\u00e4hk\u00f6koulutus Oy), Storiasta (ent. Kirjav\u00e4litys), Kirjastopalvelusta (Booky.fi) tai suurimmista kirjakaupoista.<\/p>\n\n\n\n<p>Ota yhteytt\u00e4 tilaus- ja tiedusteluasioissa kirjat@sahkotekniikka2021.fi<\/p>\n\n\n\n<p>Kirjasarja soveltuu parhaiten ammatilliseen oppilaitokseen s\u00e4hk\u00f6- ja automaatiotekniikan koulutukseen niin nuoriso- kuin aikuisopiskelijoille. Se soveltuu my\u00f6s ammattikorkeakouluun s\u00e4hk\u00f6tekniikan perusteiden opiskeluun. Kirja on helppolukuinen ja soveltuu my\u00f6s oppilaille, jotka opiskelevat suomea. Kirja on otettu vastaan suurella mielenkiinnolla, koska koulutukseen on <strong>pitk\u00e4\u00e4n toivottu hieman helpompaa ja k\u00e4yt\u00e4nn\u00f6nl\u00e4heisemp\u00e4\u00e4 opetusmateriaalia<\/strong>.<\/p>\n\n\n\n<p><strong>Jos koulussasi tulee eteen viel\u00e4 et\u00e4opetusjakso tai oppilaat ovat  poissa koulusta, he voivat katsoa opetusvideot suoraan kirjan YouTube-kanavalta.<\/strong> Niiden avulla voi sitten tehd\u00e4 teht\u00e4v\u00e4t itsen\u00e4isesti kirjasta. Kirjan videoiden katseluun ei tarvitse kirjautumista tai k\u00e4ytt\u00e4j\u00e4tunnuksia. Oppilaat voivat katsella niit\u00e4 my\u00f6s luokkatilassa kuulokkeilla omaan tahtiin.<\/p>\n\n\n\n<ol class=\"wp-block-list\">\n<li>Avaa kirja!<\/li>\n\n\n\n<li>Skannaa QR-koodi ja avaa opetusvideo!<\/li>\n\n\n\n<li>Katsele laskuesimerkki tai malliasennus!<\/li>\n\n\n\n<li>Tee teht\u00e4v\u00e4t!<\/li>\n\n\n\n<li>Opi!<\/li>\n<\/ol>\n\n\n\n<p>Videokanavalla on my\u00f6s videoita s\u00e4hk\u00f6asennuksista, joita tehd\u00e4\u00e4n esimerkinomaisesti puulevylle. Samat asennukset tehd\u00e4\u00e4n ty\u00f6salissa ja opettajalta vapautuu aikaa koska nopeimmat voivat katsoa videot etuk\u00e4teen ja edet\u00e4 nopeammin. T\u00e4ll\u00f6in opettajalle j\u00e4\u00e4 aikaa opastaa k\u00e4dest\u00e4 pit\u00e4en tukea tarvitsevia. Videoita tulee koko ajan lis\u00e4\u00e4 ja niit\u00e4 on nyt yli 580 &#8211; videoita klikattu auki jo yli 2 000 000 kertaa!<\/p>\n\n\n\n<p>Sivun yl\u00e4laidassa on linkki &#8221;Teko\u00e4ly ja tietovisat&#8221; jossa on teko\u00e4lyteht\u00e4vi\u00e4 ja s\u00e4hk\u00f6tekniikan tietovisat jokaisesta kappaleesta.  Niiden jakaminen oppilaille on mukavaa vaihtelua vaikka p\u00e4iv\u00e4n p\u00e4\u00e4tteeksi. Nek\u00e4\u00e4n eiv\u00e4t tarvitse kirjautumisia tai k\u00e4ytt\u00e4j\u00e4tunnuksia.<\/p>\n\n\n\n<p>Ota yhteytt\u00e4 ja tilaa ilmaiset n\u00e4ytekirjat koulullesi!<\/p>\n\n\n\n<p> kirjat@sahkotekniikka2021.fi <\/p>\n\n\n\n<p>Ville Alava <\/p>\n","protected":false},"excerpt":{"rendered":"<p>Kirjasarjaa k\u00e4ytt\u00e4\u00e4 suurin osa Suomen ammatillisista oppilaitoksista. My\u00f6s osa ammattikorkeakouluista on ottanut sen k\u00e4ytt\u00f6\u00f6n. Tilattaessa suoraan tekij\u00e4lt\u00e4, kirjat toimitetaan aina oppilaitokselle perille saakka aina ilman toimituskustannuksia. Kirjoja saa tilattua suoraan tekij\u00e4lt\u00e4 (Turun S\u00e4hk\u00f6koulutus Oy), Storiasta (ent. Kirjav\u00e4litys), Kirjastopalvelusta (Booky.fi) tai suurimmista kirjakaupoista. Ota yhteytt\u00e4 tilaus- ja tiedusteluasioissa kirjat@sahkotekniikka2021.fi Kirjasarja soveltuu parhaiten ammatilliseen oppilaitokseen s\u00e4hk\u00f6- ja&hellip; <a class=\"more-link\" href=\"https:\/\/sahkotekniikka2021.fi\/?page_id=239\">Jatka lukemista <span class=\"screen-reader-text\">Tietoa oppilaitoksille<\/span><\/a><\/p>\n","protected":false},"author":1,"featured_media":0,"parent":0,"menu_order":0,"comment_status":"closed","ping_status":"closed","template":"","meta":{"footnotes":""},"class_list":["post-239","page","type-page","status-publish","hentry","entry"],"_links":{"self":[{"href":"https:\/\/sahkotekniikka2021.fi\/index.php?rest_route=\/wp\/v2\/pages\/239","targetHints":{"allow":["GET"]}}],"collection":[{"href":"https:\/\/sahkotekniikka2021.fi\/index.php?rest_route=\/wp\/v2\/pages"}],"about":[{"href":"https:\/\/sahkotekniikka2021.fi\/index.php?rest_route=\/wp\/v2\/types\/page"}],"author":[{"embeddable":true,"href":"https:\/\/sahkotekniikka2021.fi\/index.php?rest_route=\/wp\/v2\/users\/1"}],"replies":[{"embeddable":true,"href":"https:\/\/sahkotekniikka2021.fi\/index.php?rest_route=%2Fwp%2Fv2%2Fcomments&post=239"}],"version-history":[{"count":35,"href":"https:\/\/sahkotekniikka2021.fi\/index.php?rest_route=\/wp\/v2\/pages\/239\/revisions"}],"predecessor-version":[{"id":1073,"href":"https:\/\/sahkotekniikka2021.fi\/index.php?rest_route=\/wp\/v2\/pages\/239\/revisions\/1073"}],"wp:attachment":[{"href":"https:\/\/sahkotekniikka2021.fi\/index.php?rest_route=%2Fwp%2Fv2%2Fmedia&parent=239"}],"curies":[{"name":"wp","href":"https:\/\/api.w.org\/{rel}","templated":true}]}}