{"id":6,"date":"2021-11-02T15:13:31","date_gmt":"2021-11-02T15:13:31","guid":{"rendered":"https:\/\/sahkotekniikka2021.fi\/?page_id=6"},"modified":"2025-12-10T18:09:38","modified_gmt":"2025-12-10T18:09:38","slug":"tietoja","status":"publish","type":"page","link":"https:\/\/sahkotekniikka2021.fi\/?page_id=6","title":{"rendered":"Tietoja projektista"},"content":{"rendered":"\n<figure class=\"wp-block-image size-large is-resized\"><img loading=\"lazy\" decoding=\"async\" width=\"717\" height=\"1024\" src=\"https:\/\/sahkotekniikka2021.fi\/wp-content\/uploads\/2024\/02\/Avainlippu_Sininen_rgb-717x1024.png\" alt=\"\" class=\"wp-image-653\" style=\"width:76px;height:auto\" srcset=\"https:\/\/sahkotekniikka2021.fi\/wp-content\/uploads\/2024\/02\/Avainlippu_Sininen_rgb-717x1024.png 717w, https:\/\/sahkotekniikka2021.fi\/wp-content\/uploads\/2024\/02\/Avainlippu_Sininen_rgb-210x300.png 210w, https:\/\/sahkotekniikka2021.fi\/wp-content\/uploads\/2024\/02\/Avainlippu_Sininen_rgb-768x1097.png 768w, https:\/\/sahkotekniikka2021.fi\/wp-content\/uploads\/2024\/02\/Avainlippu_Sininen_rgb-1075x1536.png 1075w, https:\/\/sahkotekniikka2021.fi\/wp-content\/uploads\/2024\/02\/Avainlippu_Sininen_rgb.png 1240w\" sizes=\"auto, (max-width: 717px) 100vw, 717px\" \/><\/figure>\n\n\n\n<h2 class=\"wp-block-heading\">Tietosuojak\u00e4yt\u00e4nt\u00f6<\/h2>\n\n\n\n<p>Turun s\u00e4hk\u00f6koulutus on julkaissut sovelluksen &#8221;S\u00e4hk\u00f6tekniikka 2021&#8221;<\/p>\n\n\n\n<ol class=\"wp-block-list\">\n<li>Sovellus ei tarvitse mit\u00e4\u00e4n lupia toimiakseen<\/li>\n\n\n\n<li>Sovellus ei ker\u00e4\u00e4 mit\u00e4\u00e4n tietoja k\u00e4ytt\u00e4jist\u00e4<\/li>\n<\/ol>\n\n\n\n<p>Yhteydenotot kirjat@sahkotekniikka2021.fi<\/p>\n\n\n\n<p><\/p>\n\n\n\n<p>Suomessa ammatilliseen koulutukseen s\u00e4hk\u00f6- ja automaatiotekniikkaan on pitk\u00e4\u00e4n toivottu hieman helpompaa ja k\u00e4yt\u00e4nn\u00f6nl\u00e4heisemp\u00e4\u00e4 oppimateriaalia. Tarjolla ei ole my\u00f6sk\u00e4\u00e4n ollut <strong>opetusvideoita<\/strong>, alan <strong>oppimispelej\u00e4<\/strong>, <strong>teko\u00e4ly\u00e4 <\/strong>tai muuta vastaavaa materiaalia. S\u00e4hk\u00f6tekniikka 2021 &#8211; kirjasarja ratkaisi kaikki n\u00e4m\u00e4 ongelmat. Oppilaiden <strong>puhelimet tulevat my\u00f6s k\u00e4ytt\u00f6\u00f6n<\/strong> luokkatilanteissa, kun k\u00e4ytt\u00e4\u00e4 S\u00e4hk\u00f6tekniikka 2021 &#8211; sarjaa, kun voi katsella ohjevideot laskuista tai asennustekniikasta. Kirjasarjaa k\u00e4ytt\u00e4\u00e4 suurin osa ammattioppilaitoksista Suomessa. <\/p>\n\n\n\n<p><\/p>\n\n\n\n<p>S\u00e4hk\u00f6tekniikka 2021 &#8211; kirjasarjan tekeminen aloitettiin vuonna 2019 ja se p\u00e4ivittyy koko ajan. YouTubeen tulee jatkuvasti uusia videoita sek\u00e4 teko\u00e4lyteht\u00e4vi\u00e4 on teht\u00e4viss\u00e4 nettisivulla. <strong>Kirjat on painettu Suomessa.<\/strong> Vuonna 2024 Turun S\u00e4hk\u00f6koulutus Oy:lle on my\u00f6nnetty Suomalaisen ty\u00f6n liiton j\u00e4senyys ja kirjoille <strong>avainlippumerkki<\/strong>. <\/p>\n\n\n\n<p>Projektia varten perustettiin toiminimi Turun s\u00e4hk\u00f6koulutus vuonna 2021 ja sen toiminta loppui vuoden 2023 p\u00e4\u00e4tteeksi. Toiminnan laajentuessa perustettiin Turun S\u00e4hk\u00f6koulutus Oy ja sen toiminta k\u00e4ynnistyi tammikuussa 2024. Kirjoja on toimitettu yli 11 000 viiden vuoden aikana.<\/p>\n\n\n\n<p>S\u00e4hk\u00f6tekniikka 2021 oppimisymp\u00e4rist\u00f6 palkittiin <strong>S\u00e4hk\u00f6istysalan edist\u00e4mispalkinnolla<\/strong> vuonna 2025. Palkinnon my\u00f6nt\u00e4misess\u00e4 kiinnitet\u00e4\u00e4n huomiota alaa kehitt\u00e4viin ja alan tunnettavuutta ja haluttavuutta lis\u00e4\u00e4viin tekij\u00f6ihin. Palkinto luovutettiin STUL:n j\u00e4rjest\u00e4mill\u00e4 s\u00e4hk\u00f6urakoitsijap\u00e4ivill\u00e4 marraskuussa 2025.<\/p>\n\n\n\n<p>Kirjasarjan tekij\u00e4 on ollut s\u00e4hk\u00f6asennustekniikan lehtorina Turussa ammatillisessa oppilaitoksessa yli 20 vuotta ja vuosia sivutoimisena s\u00e4hk\u00f6- ja automaatiotekniikan, s\u00e4\u00e4t\u00f6- ja ohjaustekniikan sek\u00e4 fysiikan opettajana ammattikorkeakoulussa. Ennen opettajan uraa s\u00e4hk\u00f6asentajana ja s\u00e4hk\u00f6insin\u00f6\u00f6rin\u00e4 eri projekteissa Varsinais-Suomessa.<\/p>\n\n\n\n<p><\/p>\n\n\n\n<p>Kiitos ajastasi!<\/p>\n\n\n\n<p>Ville Alava<\/p>\n\n\n\n<p>Ota yhteytt\u00e4 l\u00e4hett\u00e4m\u00e4ll\u00e4 s\u00e4hk\u00f6posti&nbsp;<strong>kirjat@sahkotekniikka2021.fi<\/strong><\/p>\n\n\n\n<div class=\"wp-block-columns is-layout-flex wp-container-core-columns-is-layout-9d6595d7 wp-block-columns-is-layout-flex\">\n<div class=\"wp-block-column is-layout-flow wp-block-column-is-layout-flow\">\n<figure class=\"wp-block-image size-large\"><img loading=\"lazy\" decoding=\"async\" width=\"717\" height=\"1024\" src=\"https:\/\/sahkotekniikka2021.fi\/wp-content\/uploads\/2024\/02\/Avainlippu_Sininen_rgb-717x1024.png\" alt=\"\" class=\"wp-image-653\" srcset=\"https:\/\/sahkotekniikka2021.fi\/wp-content\/uploads\/2024\/02\/Avainlippu_Sininen_rgb-717x1024.png 717w, https:\/\/sahkotekniikka2021.fi\/wp-content\/uploads\/2024\/02\/Avainlippu_Sininen_rgb-210x300.png 210w, https:\/\/sahkotekniikka2021.fi\/wp-content\/uploads\/2024\/02\/Avainlippu_Sininen_rgb-768x1097.png 768w, https:\/\/sahkotekniikka2021.fi\/wp-content\/uploads\/2024\/02\/Avainlippu_Sininen_rgb-1075x1536.png 1075w, https:\/\/sahkotekniikka2021.fi\/wp-content\/uploads\/2024\/02\/Avainlippu_Sininen_rgb.png 1240w\" sizes=\"auto, (max-width: 717px) 100vw, 717px\" \/><\/figure>\n<\/div>\n\n\n\n<div class=\"wp-block-column is-layout-flow wp-block-column-is-layout-flow\">\n<p><span style=\"white-space-collapse: collapse;\">Turun S\u00e4hk\u00f6koulutus Oy on Suomalaisen ty\u00f6n liiton j\u00e4sen. Kaikki S\u00e4hk\u00f6tekniikka 2021 kirjasarjan tuotteet ovat painettu Suomessa. Tue sin\u00e4kin suomalaista ty\u00f6t\u00e4!<\/span><\/p>\n\n\n\n<figure class=\"wp-block-image size-large\"><img loading=\"lazy\" decoding=\"async\" width=\"1024\" height=\"439\" src=\"https:\/\/sahkotekniikka2021.fi\/wp-content\/uploads\/2024\/11\/suomalainen_tyo_jasen_main_pos_rgb-1024x439.png\" alt=\"\" class=\"wp-image-951\" srcset=\"https:\/\/sahkotekniikka2021.fi\/wp-content\/uploads\/2024\/11\/suomalainen_tyo_jasen_main_pos_rgb-1024x439.png 1024w, https:\/\/sahkotekniikka2021.fi\/wp-content\/uploads\/2024\/11\/suomalainen_tyo_jasen_main_pos_rgb-300x129.png 300w, https:\/\/sahkotekniikka2021.fi\/wp-content\/uploads\/2024\/11\/suomalainen_tyo_jasen_main_pos_rgb-768x329.png 768w, https:\/\/sahkotekniikka2021.fi\/wp-content\/uploads\/2024\/11\/suomalainen_tyo_jasen_main_pos_rgb-1536x659.png 1536w, https:\/\/sahkotekniikka2021.fi\/wp-content\/uploads\/2024\/11\/suomalainen_tyo_jasen_main_pos_rgb-2048x878.png 2048w, https:\/\/sahkotekniikka2021.fi\/wp-content\/uploads\/2024\/11\/suomalainen_tyo_jasen_main_pos_rgb-1568x672.png 1568w\" sizes=\"auto, (max-width: 1024px) 100vw, 1024px\" \/><\/figure>\n<\/div>\n<\/div>\n\n\n\n<h2 class=\"wp-block-heading\"><\/h2>\n","protected":false},"excerpt":{"rendered":"<p>Tietosuojak\u00e4yt\u00e4nt\u00f6 Turun s\u00e4hk\u00f6koulutus on julkaissut sovelluksen &#8221;S\u00e4hk\u00f6tekniikka 2021&#8221; Yhteydenotot kirjat@sahkotekniikka2021.fi Suomessa ammatilliseen koulutukseen s\u00e4hk\u00f6- ja automaatiotekniikkaan on pitk\u00e4\u00e4n toivottu hieman helpompaa ja k\u00e4yt\u00e4nn\u00f6nl\u00e4heisemp\u00e4\u00e4 oppimateriaalia. Tarjolla ei ole my\u00f6sk\u00e4\u00e4n ollut opetusvideoita, alan oppimispelej\u00e4, teko\u00e4ly\u00e4 tai muuta vastaavaa materiaalia. S\u00e4hk\u00f6tekniikka 2021 &#8211; kirjasarja ratkaisi kaikki n\u00e4m\u00e4 ongelmat. Oppilaiden puhelimet tulevat my\u00f6s k\u00e4ytt\u00f6\u00f6n luokkatilanteissa, kun k\u00e4ytt\u00e4\u00e4 S\u00e4hk\u00f6tekniikka 2021&hellip; <a class=\"more-link\" href=\"https:\/\/sahkotekniikka2021.fi\/?page_id=6\">Jatka lukemista <span class=\"screen-reader-text\">Tietoja projektista<\/span><\/a><\/p>\n","protected":false},"author":1,"featured_media":0,"parent":0,"menu_order":0,"comment_status":"closed","ping_status":"closed","template":"","meta":{"footnotes":""},"class_list":["post-6","page","type-page","status-publish","hentry","entry"],"_links":{"self":[{"href":"https:\/\/sahkotekniikka2021.fi\/index.php?rest_route=\/wp\/v2\/pages\/6","targetHints":{"allow":["GET"]}}],"collection":[{"href":"https:\/\/sahkotekniikka2021.fi\/index.php?rest_route=\/wp\/v2\/pages"}],"about":[{"href":"https:\/\/sahkotekniikka2021.fi\/index.php?rest_route=\/wp\/v2\/types\/page"}],"author":[{"embeddable":true,"href":"https:\/\/sahkotekniikka2021.fi\/index.php?rest_route=\/wp\/v2\/users\/1"}],"replies":[{"embeddable":true,"href":"https:\/\/sahkotekniikka2021.fi\/index.php?rest_route=%2Fwp%2Fv2%2Fcomments&post=6"}],"version-history":[{"count":45,"href":"https:\/\/sahkotekniikka2021.fi\/index.php?rest_route=\/wp\/v2\/pages\/6\/revisions"}],"predecessor-version":[{"id":1098,"href":"https:\/\/sahkotekniikka2021.fi\/index.php?rest_route=\/wp\/v2\/pages\/6\/revisions\/1098"}],"wp:attachment":[{"href":"https:\/\/sahkotekniikka2021.fi\/index.php?rest_route=%2Fwp%2Fv2%2Fmedia&parent=6"}],"curies":[{"name":"wp","href":"https:\/\/api.w.org\/{rel}","templated":true}]}}