{"id":7,"date":"2021-11-02T15:13:31","date_gmt":"2021-11-02T15:13:31","guid":{"rendered":"https:\/\/sahkotekniikka2021.fi\/?page_id=7"},"modified":"2025-01-22T09:47:19","modified_gmt":"2025-01-22T09:47:19","slug":"ota-yhteytta","status":"publish","type":"page","link":"https:\/\/sahkotekniikka2021.fi\/?page_id=7","title":{"rendered":"Ota yhteytt\u00e4"},"content":{"rendered":"\n<p>Ota yhteytt\u00e4 l\u00e4hett\u00e4m\u00e4ll\u00e4 s\u00e4hk\u00f6posti <strong>kirjat@sahkotekniikka2021.fi<\/strong><\/p>\n\n\n\n<p>Ville Alava<\/p>\n\n\n\n<p>Turun S\u00e4hk\u00f6koulutus Oy<\/p>\n\n\n\n<p>Y-tunnus&nbsp;3410220-8<\/p>\n\n\n\n<div class=\"wp-block-columns is-layout-flex wp-container-core-columns-is-layout-9d6595d7 wp-block-columns-is-layout-flex\">\n<div class=\"wp-block-column is-layout-flow wp-block-column-is-layout-flow\">\n<figure class=\"wp-block-image size-large\"><img loading=\"lazy\" decoding=\"async\" width=\"717\" height=\"1024\" src=\"https:\/\/sahkotekniikka2021.fi\/wp-content\/uploads\/2024\/02\/Avainlippu_Sininen_rgb-717x1024.png\" alt=\"\" class=\"wp-image-653\" srcset=\"https:\/\/sahkotekniikka2021.fi\/wp-content\/uploads\/2024\/02\/Avainlippu_Sininen_rgb-717x1024.png 717w, https:\/\/sahkotekniikka2021.fi\/wp-content\/uploads\/2024\/02\/Avainlippu_Sininen_rgb-210x300.png 210w, https:\/\/sahkotekniikka2021.fi\/wp-content\/uploads\/2024\/02\/Avainlippu_Sininen_rgb-768x1097.png 768w, https:\/\/sahkotekniikka2021.fi\/wp-content\/uploads\/2024\/02\/Avainlippu_Sininen_rgb-1075x1536.png 1075w, https:\/\/sahkotekniikka2021.fi\/wp-content\/uploads\/2024\/02\/Avainlippu_Sininen_rgb.png 1240w\" sizes=\"auto, (max-width: 717px) 100vw, 717px\" \/><\/figure>\n<\/div>\n\n\n\n<div class=\"wp-block-column is-layout-flow wp-block-column-is-layout-flow\">\n<p><br>Turun S\u00e4hk\u00f6koulutus Oy on Suomalaisen ty\u00f6n liiton j\u00e4sen. Kaikki S\u00e4hk\u00f6tekniikka 2021 kirjasarjan tuotteet ovat painettu Suomessa. Tue sin\u00e4kin Suomalaista ty\u00f6t\u00e4!<\/p>\n<\/div>\n<\/div>\n\n\n\n<figure class=\"wp-block-image size-large\"><img loading=\"lazy\" decoding=\"async\" width=\"1024\" height=\"439\" src=\"https:\/\/sahkotekniikka2021.fi\/wp-content\/uploads\/2024\/11\/suomalainen_tyo_jasen_main_pos_rgb-1024x439.png\" alt=\"\" class=\"wp-image-951\" srcset=\"https:\/\/sahkotekniikka2021.fi\/wp-content\/uploads\/2024\/11\/suomalainen_tyo_jasen_main_pos_rgb-1024x439.png 1024w, https:\/\/sahkotekniikka2021.fi\/wp-content\/uploads\/2024\/11\/suomalainen_tyo_jasen_main_pos_rgb-300x129.png 300w, https:\/\/sahkotekniikka2021.fi\/wp-content\/uploads\/2024\/11\/suomalainen_tyo_jasen_main_pos_rgb-768x329.png 768w, https:\/\/sahkotekniikka2021.fi\/wp-content\/uploads\/2024\/11\/suomalainen_tyo_jasen_main_pos_rgb-1536x659.png 1536w, https:\/\/sahkotekniikka2021.fi\/wp-content\/uploads\/2024\/11\/suomalainen_tyo_jasen_main_pos_rgb-2048x878.png 2048w, https:\/\/sahkotekniikka2021.fi\/wp-content\/uploads\/2024\/11\/suomalainen_tyo_jasen_main_pos_rgb-1568x672.png 1568w\" sizes=\"auto, (max-width: 1024px) 100vw, 1024px\" \/><\/figure>\n","protected":false},"excerpt":{"rendered":"<p>Ota yhteytt\u00e4 l\u00e4hett\u00e4m\u00e4ll\u00e4 s\u00e4hk\u00f6posti kirjat@sahkotekniikka2021.fi Ville Alava Turun S\u00e4hk\u00f6koulutus Oy Y-tunnus&nbsp;3410220-8 Turun S\u00e4hk\u00f6koulutus Oy on Suomalaisen ty\u00f6n liiton j\u00e4sen. Kaikki S\u00e4hk\u00f6tekniikka 2021 kirjasarjan tuotteet ovat painettu Suomessa. Tue sin\u00e4kin Suomalaista ty\u00f6t\u00e4!<\/p>\n","protected":false},"author":1,"featured_media":0,"parent":0,"menu_order":0,"comment_status":"closed","ping_status":"closed","template":"","meta":{"footnotes":""},"class_list":["post-7","page","type-page","status-publish","hentry","entry"],"_links":{"self":[{"href":"https:\/\/sahkotekniikka2021.fi\/index.php?rest_route=\/wp\/v2\/pages\/7","targetHints":{"allow":["GET"]}}],"collection":[{"href":"https:\/\/sahkotekniikka2021.fi\/index.php?rest_route=\/wp\/v2\/pages"}],"about":[{"href":"https:\/\/sahkotekniikka2021.fi\/index.php?rest_route=\/wp\/v2\/types\/page"}],"author":[{"embeddable":true,"href":"https:\/\/sahkotekniikka2021.fi\/index.php?rest_route=\/wp\/v2\/users\/1"}],"replies":[{"embeddable":true,"href":"https:\/\/sahkotekniikka2021.fi\/index.php?rest_route=%2Fwp%2Fv2%2Fcomments&post=7"}],"version-history":[{"count":13,"href":"https:\/\/sahkotekniikka2021.fi\/index.php?rest_route=\/wp\/v2\/pages\/7\/revisions"}],"predecessor-version":[{"id":1051,"href":"https:\/\/sahkotekniikka2021.fi\/index.php?rest_route=\/wp\/v2\/pages\/7\/revisions\/1051"}],"wp:attachment":[{"href":"https:\/\/sahkotekniikka2021.fi\/index.php?rest_route=%2Fwp%2Fv2%2Fmedia&parent=7"}],"curies":[{"name":"wp","href":"https:\/\/api.w.org\/{rel}","templated":true}]}}